{"id":21569,"date":"2023-02-08T20:33:53","date_gmt":"2023-02-08T19:33:53","guid":{"rendered":"https:\/\/ed.b4experience.com\/prova-gratis\/"},"modified":"2024-10-01T15:37:32","modified_gmt":"2024-10-01T14:37:32","slug":"prova-gratis","status":"publish","type":"page","link":"https:\/\/ed.b4experience.com\/ca\/prova-gratis\/","title":{"rendered":"Prova gratis"},"content":{"rendered":"\n<style type=\"text\/css\" data-created_by=\"avia_inline_auto\" id=\"style-css-av-a67d8r-fe581554dc89ec88a77f6c06a72ebf3a\">\n.avia-section.av-a67d8r-fe581554dc89ec88a77f6c06a72ebf3a{\nmargin-top:0px;\nmargin-bottom:0px;\n}\n<\/style>\n<div id='av_section_1'  class='avia-section av-a67d8r-fe581554dc89ec88a77f6c06a72ebf3a main_color avia-section-no-padding avia-no-border-styling  avia-builder-el-0  el_before_av_section  avia-builder-el-first  avia-bg-style-scroll container_wrap fullsize'  ><div class='container av-section-cont-open' ><main  role=\"main\" itemprop=\"mainContentOfPage\"  class='template-page content  av-content-full alpha units'><div class='post-entry post-entry-type-page post-entry-21569'><div class='entry-content-wrapper clearfix'>\n<div class='flex_column_table av-9e9x97-05eea68af8beba39caf6656e3d263cad sc-av_one_half av-equal-height-column-flextable'>\n<style type=\"text\/css\" data-created_by=\"avia_inline_auto\" id=\"style-css-av-9e9x97-05eea68af8beba39caf6656e3d263cad\">\n.flex_column.av-9e9x97-05eea68af8beba39caf6656e3d263cad{\npadding:0 0 0 0;\nbackground-color:#0f0f0f;\nbackground:linear-gradient( to right, #0f0f0f, #0f0f0f, rgba(15,15,15,0.5) );\n}\n\n@media only screen and (min-width: 990px){ \n.flex_column.av-9e9x97-05eea68af8beba39caf6656e3d263cad{\npadding:0 0 0 0;\n}\n}\n\n@media only screen and (min-width: 768px) and (max-width: 989px){ \n.flex_column.av-9e9x97-05eea68af8beba39caf6656e3d263cad{\npadding:0 0 0 0;\n}\n}\n<\/style>\n<div  class='flex_column av-9e9x97-05eea68af8beba39caf6656e3d263cad av_one_half  avia-builder-el-1  el_before_av_one_half  avia-builder-el-first  first flex_column_table_cell av-equal-height-column av-align-top av-zero-column-padding  '     ><p>\n<style type=\"text\/css\" data-created_by=\"avia_inline_auto\" id=\"style-css-av-796puj-7dc7aeabb033fd3a3e0e2f739e0d6317\">\n#top .av-special-heading.av-796puj-7dc7aeabb033fd3a3e0e2f739e0d6317{\npadding-bottom:0;\n}\nbody .av-special-heading.av-796puj-7dc7aeabb033fd3a3e0e2f739e0d6317 .av-special-heading-tag .heading-char{\nfont-size:25px;\n}\n.av-special-heading.av-796puj-7dc7aeabb033fd3a3e0e2f739e0d6317 .av-subheading{\nfont-size:15px;\n}\n<\/style>\n<div  class='av-special-heading av-796puj-7dc7aeabb033fd3a3e0e2f739e0d6317 av-special-heading-h2 blockquote modern-quote  avia-builder-el-2  el_before_av_heading  avia-builder-el-first '><h2 class='av-special-heading-tag '  itemprop=\"headline\"  >Uneix-te a la comunitat<\/h2><div class=\"special-heading-border\"><div class=\"special-heading-inner-border\"><\/div><\/div><\/div><br \/>\n\n<style type=\"text\/css\" data-created_by=\"avia_inline_auto\" id=\"style-css-av-leyhd2ob-c8bcc37c2475a136f748c049d7bf14ea\">\n#top .av-special-heading.av-leyhd2ob-c8bcc37c2475a136f748c049d7bf14ea{\nmargin:0 0 0 0;\npadding-bottom:0;\nfont-size:50px;\n}\nbody .av-special-heading.av-leyhd2ob-c8bcc37c2475a136f748c049d7bf14ea .av-special-heading-tag .heading-char{\nfont-size:25px;\n}\n#top #wrap_all .av-special-heading.av-leyhd2ob-c8bcc37c2475a136f748c049d7bf14ea .av-special-heading-tag{\nfont-size:50px;\n}\n.av-special-heading.av-leyhd2ob-c8bcc37c2475a136f748c049d7bf14ea .av-subheading{\nfont-size:32px;\n}\n\n@media only screen and (min-width: 990px){ \n#top #wrap_all .av-special-heading.av-leyhd2ob-c8bcc37c2475a136f748c049d7bf14ea .av-special-heading-tag{\nfont-size:50px;\n}\n.av-special-heading.av-leyhd2ob-c8bcc37c2475a136f748c049d7bf14ea .av-subheading{\nfont-size:30px;\n}\n}\n\n@media only screen and (min-width: 768px) and (max-width: 989px){ \n#top #wrap_all .av-special-heading.av-leyhd2ob-c8bcc37c2475a136f748c049d7bf14ea .av-special-heading-tag{\nfont-size:40px;\n}\n.av-special-heading.av-leyhd2ob-c8bcc37c2475a136f748c049d7bf14ea .av-subheading{\nfont-size:28px;\n}\n}\n\n@media only screen and (min-width: 480px) and (max-width: 767px){ \n#top #wrap_all .av-special-heading.av-leyhd2ob-c8bcc37c2475a136f748c049d7bf14ea .av-special-heading-tag{\nfont-size:30px;\n}\n.av-special-heading.av-leyhd2ob-c8bcc37c2475a136f748c049d7bf14ea .av-subheading{\nfont-size:26px;\n}\n}\n\n@media only screen and (max-width: 479px){ \n#top #wrap_all .av-special-heading.av-leyhd2ob-c8bcc37c2475a136f748c049d7bf14ea .av-special-heading-tag{\nfont-size:25px;\n}\n.av-special-heading.av-leyhd2ob-c8bcc37c2475a136f748c049d7bf14ea .av-subheading{\nfont-size:24px;\n}\n}\n<\/style>\n<div  class='av-special-heading av-leyhd2ob-c8bcc37c2475a136f748c049d7bf14ea av-special-heading-h1 blockquote modern-quote  avia-builder-el-3  el_after_av_heading  el_before_av_textblock  h1_slider av-inherit-size'><h1 class='av-special-heading-tag '  itemprop=\"headline\"  >Tria el teu pla de preus<\/h1><div class='av-subheading av-subheading_below'><p>Prova 15 dies gratu\u00efts.<\/p>\n<\/div><div class=\"special-heading-border\"><div class=\"special-heading-inner-border\"><\/div><\/div><\/div><br \/>\n<section  class='av_textblock_section av-leyhf8jv-e90efa4f69f5ad1d5dcb2783f4d86353 '   itemscope=\"itemscope\" itemtype=\"https:\/\/schema.org\/CreativeWork\" ><div class='avia_textblock'  itemprop=\"text\" ><p>Prova 15 dies de subscripci\u00f3 gratu\u00efta a tota la plataforma sense cap limitaci\u00f3 de contingut.<br \/>\nDes de 7,5\u20ac\/mes acc\u00e9s a tot el contingut, sense compromisos de perman\u00e8ncia. Descomptes en viatges i experi\u00e8ncies \u00faniques. Uneix-te a la comunitat esportiva Outdoor m\u00e9s gran i viu les millors experi\u00e8ncies. Aventura&#8217;t a descobrir milers de cursos i viatges de la m\u00e0 dels millors professionals.<\/p>\n<\/div><\/section><br \/>\n<div  class='avia-buttonrow-wrap av-leyhfpbr-4ba8eb03df418fd261f08f16c68c8ed8 avia-buttonrow-left  avia-builder-el-5  el_after_av_textblock  el_before_av_hr '>\n\n<style type=\"text\/css\" data-created_by=\"avia_inline_auto\" id=\"style-css-av-5k37qz-d987d3eb36b5da54455dd092b6593e12\">\n#top #wrap_all .avia-button.av-5k37qz-d987d3eb36b5da54455dd092b6593e12{\nbackground-color:#0d0d0d;\nborder-color:#ffffff;\ncolor:#ffffff;\nborder-style:solid;\nborder-width:1px 1px 1px 1px;\nborder-radius:6px 6px 6px 6px;\ntransition:all 0.4s ease-in-out;\nmargin-bottom:5px;\nmargin-right:5px;\n}\n#top #wrap_all .avia-button.av-5k37qz-d987d3eb36b5da54455dd092b6593e12:hover{\nbackground-color:#000000;\ncolor:#ffffff;\ntransition:all 0.4s ease-in-out;\n}\n#top #wrap_all .avia-button.av-5k37qz-d987d3eb36b5da54455dd092b6593e12:hover .avia_button_background{\nborder-radius:6px 6px 6px 6px;\n}\n<\/style>\n<a href='https:\/\/ed.b4experience.com\/ca\/contacte\/'  class='avia-button av-5k37qz-d987d3eb36b5da54455dd092b6593e12 avia-icon_select-no avia-size-medium'   aria-label=\"CONTACTA AMB NOSALTRES\"><span class='avia_iconbox_title' >CONTACTA AMB NOSALTRES<\/span><\/a>\n<\/div><br \/>\n\n<style type=\"text\/css\" data-created_by=\"avia_inline_auto\" id=\"style-css-av-4tezuj-d193a41f7f1f99fdd09ab60fc143bffb\">\n#top .hr.hr-invisible.av-4tezuj-d193a41f7f1f99fdd09ab60fc143bffb{\nheight:40px;\n}\n<\/style>\n<div  class='hr av-4tezuj-d193a41f7f1f99fdd09ab60fc143bffb hr-invisible  avia-builder-el-6  el_after_av_buttonrow  avia-builder-el-last '><span class='hr-inner '><span class=\"hr-inner-style\"><\/span><\/span><\/div><\/p><\/div><div class='av-flex-placeholder'><\/div>\n<style type=\"text\/css\" data-created_by=\"avia_inline_auto\" id=\"style-css-av-2duzmj-14cf4181e6b80c5cc4a03b00f57e5494\">\n.flex_column.av-2duzmj-14cf4181e6b80c5cc4a03b00f57e5494{\npadding:0 0 0 0;\nbackground-color:rgba(15,15,15,0.5);\nbackground:linear-gradient( to right, rgba(15,15,15,0.5), rgba(15,15,15,0.01), rgba(15,15,15,0.01) );\n}\n\n@media only screen and (min-width: 990px){ \n.flex_column.av-2duzmj-14cf4181e6b80c5cc4a03b00f57e5494{\npadding:0 0 0 0;\n}\n}\n\n@media only screen and (min-width: 768px) and (max-width: 989px){ \n.flex_column.av-2duzmj-14cf4181e6b80c5cc4a03b00f57e5494{\npadding:0 0 0 0;\n}\n}\n<\/style>\n<div  class='flex_column av-2duzmj-14cf4181e6b80c5cc4a03b00f57e5494 av_one_half  avia-builder-el-7  el_after_av_one_half  avia-builder-el-last  flex_column_table_cell av-equal-height-column av-align-top av-zero-column-padding  '     ><style type=\"text\/css\" data-created_by=\"avia_inline_auto\" id=\"style-css-av-leyhbrzj-b575e13648ee3a7af264fac70cfa62a0\">\n.avia-video.av-leyhbrzj-b575e13648ee3a7af264fac70cfa62a0{\nbackground-image:url(https:\/\/ed.b4experience.com\/wp-content\/uploads\/2023\/03\/PlandePrecios.jpg);\n}\n<\/style>\n<div  class='avia-video av-leyhbrzj-b575e13648ee3a7af264fac70cfa62a0 avia-video-16-9 av-preview-image avia-video-load-always av-lazyload-immediate av-lazyload-video-embed'  itemprop=\"video\" itemtype=\"https:\/\/schema.org\/VideoObject\"  data-original_url=''><script type='text\/html' class='av-video-tmpl'><\/script><div class='av-click-to-play-overlay'><div class=\"avia_playpause_icon\"><\/div><\/div><\/div><\/div><\/div><!--close column table wrapper. Autoclose: 1 --><\/div><\/div><\/main><!-- close content main element --><\/div><\/div><div id='av_section_2'  class='avia-section av-rnxjsb-2167c960abecc9128fb7a6e9e68cb10e main_color avia-section-no-padding avia-no-border-styling  avia-builder-el-9  el_after_av_section  avia-builder-el-last  avia-bg-style-scroll container_wrap fullsize'  ><div class='container av-section-cont-open' ><div class='template-page content  av-content-full alpha units'><div class='post-entry post-entry-type-page post-entry-21569'><div class='entry-content-wrapper clearfix'>\n\n<style type=\"text\/css\" data-created_by=\"avia_inline_auto\" id=\"style-css-av-lepy54wk-25ac680239a9dbc6a0625830cc67f03e\">\n#top .hr.hr-invisible.av-lepy54wk-25ac680239a9dbc6a0625830cc67f03e{\nheight:20px;\n}\n<\/style>\n<div  class='hr av-lepy54wk-25ac680239a9dbc6a0625830cc67f03e hr-invisible  avia-builder-el-10  el_before_av_textblock  avia-builder-el-first '><span class='hr-inner '><span class=\"hr-inner-style\"><\/span><\/span><\/div>\n<section  class='av_textblock_section av-lfo2mbqu-b647376417a6e1ba55ca845c1fe24cc5 '   itemscope=\"itemscope\" itemtype=\"https:\/\/schema.org\/CreativeWork\" ><div class='avia_textblock'  itemprop=\"text\" ><p>Ja tens un compte? Ves a veure el teu contingut <a style=\"color: #009227;\" href=\"https:\/\/ed.b4experience.com\/ca\/els-meus-cursos\/\"><u>El meu compte<\/u><\/a> o registra&#8217;t a <a style=\"color: #009227;\" href=\"https:\/\/ed.b4experience.com\/registration\/\"><u>Log In<\/u><\/a><\/p>\n<\/div><\/section>\n<section  class='av_textblock_section av-lhqr9yly-2c3262b700fd5bbe4e090f0c280a5c09 '   itemscope=\"itemscope\" itemtype=\"https:\/\/schema.org\/CreativeWork\" ><div class='avia_textblock'  itemprop=\"text\" ><h2>Compra la SUBSCRIPCI\u00d3 MENSUAL o ANUAL i no se&#8217;t cobrar\u00e0 res fins d&#8217;aqu\u00ed a 15 dies.<\/h2>\n<h4>Pots anul\u00b7lar la subscripci\u00f3 sense cap comprom\u00eds en qualsevol moment.<\/h4>\n<\/div><\/section>\n<div  class='avia-table av-17ru6ff-bbf962807736278cdb29bb2691c9ce9f main_color avia-pricing-table-container avia_show_empty_cells avia_pricing_default  avia-builder-el-13  el_after_av_textblock  avia-builder-el-last  avia-table-1'  itemscope=\"itemscope\" itemtype=\"https:\/\/schema.org\/Table\" ><div class=\"pricing-table-wrap\"><ul class='pricing-table '><li class='avia-heading-row'><div class='first-table-item'>CLASSES GRATIS<\/div><span class='pricing-extra'><\/span><\/li><li class='avia-pricing-row'>0,00<span class=\"currency-symbol\">\u20ac<\/span><\/li><li class=''>Comen\u00e7a sense pagar res<\/p><\/li><li class='avia-button-row'><div  class='avia-button-wrap av-lepxyy4x-add62970ffa8199c32c570524141e486-wrap avia-button-center  avia-builder-el-14  el_before_av_button  avia-builder-el-first '><a href='https:\/\/ed.b4experience.com\/producto\/ver-clases-gratis\/'  class='avia-button av-lepxyy4x-add62970ffa8199c32c570524141e486 av-link-btn avia-icon_select-no avia-size-small avia-position-center avia-color-theme-color'   aria-label=\"Veure contingut\"><span class='avia_iconbox_title' >Veure contingut<\/span><\/a><\/div><\/li><li class=''>&gt; Acc\u00e9s al curs VEURE CLASSES GRATIS<\/p>\n<p>&gt; Pots comprar cursos concrets i nom\u00e9s pagues pel que veus<\/li><\/ul><\/div><div class=\"pricing-table-wrap\"><ul class='pricing-table '><li class='avia-heading-row'><div class='first-table-item'>SUBSCRIPCI\u00d3 MENSUAL<\/div><span class='pricing-extra'><\/span><\/li><li class='avia-pricing-row'>9,99 <span class=\"currency-symbol\">\u20ac<\/span><\/li><li class=''>15 dies Gratis<\/p>\n<p>Pagament mensual<br \/>\n(sense preman\u00e8ncia)<\/li><li class='avia-button-row'><div  class='avia-button-wrap av-lepxzuld-0817d59f2fec6d40538791a9b2208e74-wrap avia-button-center  avia-builder-el-15  el_after_av_button  el_before_av_button '>\n<style type=\"text\/css\" data-created_by=\"avia_inline_auto\" id=\"style-css-av-lepxzuld-0817d59f2fec6d40538791a9b2208e74\">\n#top #wrap_all .avia-button.av-lepxzuld-0817d59f2fec6d40538791a9b2208e74{\ncolor:#009227;\ntransition:all 0.4s ease-in-out;\n}\n<\/style>\n<a href='https:\/\/ed.b4experience.com\/producto\/subscripcion-mensual\/'  class='avia-button av-lepxzuld-0817d59f2fec6d40538791a9b2208e74 av-link-btn avia-icon_select-no avia-size-medium avia-position-center'   aria-label=\"COMPRAR\"><span class='avia_iconbox_title' >COMPRAR<\/span><\/a><\/div><\/li><li class=''>&gt; Acc\u00e9s a tots els CURSOS online<\/p>\n<p>&gt; Visualitzaci\u00f3 il\u00b7limitada durant la subscripci\u00f3<\/li><\/ul><\/div><div class=\"pricing-table-wrap\"><ul class='pricing-table '><li class='avia-heading-row'><div class='first-table-item'>SUBSCRIPCI\u00d3 ANUAL<\/div><span class='pricing-extra'><\/span><\/li><li class='avia-pricing-row'>90 <span class=\"currency-symbol\">\u20ac<\/span><\/li><li class=''>15 dies Gratis<\/p>\n<p>Pagament anual<br \/>\n(equivalent a 7,5\u20ac\/mes)<\/li><li class='avia-button-row'><div  class='avia-button-wrap av-lepy34e0-498f4458340562b2df624ca4689fcf52-wrap avia-button-center  avia-builder-el-16  el_after_av_button  el_before_av_button '>\n<style type=\"text\/css\" data-created_by=\"avia_inline_auto\" id=\"style-css-av-lepy34e0-498f4458340562b2df624ca4689fcf52\">\n#top #wrap_all .avia-button.av-lepy34e0-498f4458340562b2df624ca4689fcf52{\nbackground-color:#009227;\nborder-color:#009227;\ncolor:#ffffff;\ntransition:all 0.4s ease-in-out;\n}\n<\/style>\n<a href='https:\/\/ed.b4experience.com\/producto\/suscripcion-anual\/'  class='avia-button av-lepy34e0-498f4458340562b2df624ca4689fcf52 av-link-btn avia-icon_select-no avia-size-small avia-position-center'   aria-label=\"COMPRAR\"><span class='avia_iconbox_title' >COMPRAR<\/span><\/a><\/div><\/li><li class=''>&gt; Acc\u00e9s a tots els CURSOS online<\/p>\n<p>&gt; Visualitzaci\u00f3 il\u00b7limitada durant la subscripci\u00f3<\/p>\n<p>&gt; Estalvia un 33% amb la subscripci\u00f3 anual<\/li><\/ul><\/div><div class=\"pricing-table-wrap\"><ul class='pricing-table '><li class='avia-heading-row'><div class='first-table-item'>SUBSCRIPCI\u00d3 DE PER VIDA<\/div><span class='pricing-extra'><\/span><\/li><li class='avia-pricing-row'>245 <span class=\"currency-symbol\">\u20ac<\/span><\/li><li class=''>Un sol pagament.<br \/>\nTot el contingut.<br \/>\nPer sempre<\/li><li class='avia-button-row'><div  class='avia-button-wrap av-lfo2q8ic-c4a5fdc39be663db6aec7cba6720f7d5-wrap avia-button-center  avia-builder-el-17  el_after_av_button  avia-builder-el-last '><a href='https:\/\/ed.b4experience.com\/producto\/suscripcion-de-por-vida\/'  class='avia-button av-lfo2q8ic-c4a5fdc39be663db6aec7cba6720f7d5 av-link-btn avia-icon_select-no avia-size-small avia-position-center avia-color-theme-color avia-font-color-theme-color'   aria-label=\"COMPRAR\"><span class='avia_iconbox_title' >COMPRAR<\/span><span class='avia_button_background avia-button avia-color-theme-color-highlight' ><\/span><\/a><\/div><\/li><li class=''>&gt; Acc\u00e9s a tots els CURSOS online<\/p>\n<p>&gt; Visualitzaci\u00f3 il\u00b7limitada per a TOTA la vida<\/p>\n<p>&gt; 3% de descompte per a tots els viatges i activitats presencials *1<\/li><\/ul><\/div><\/div>\n<\/p>\n","protected":false},"excerpt":{"rendered":"","protected":false},"author":1,"featured_media":15504,"parent":0,"menu_order":0,"comment_status":"closed","ping_status":"closed","template":"","meta":{"_glsr_average":0,"_glsr_ranking":0,"_glsr_reviews":0,"_joinchat":[],"footnotes":""},"class_list":["post-21569","page","type-page","status-publish","has-post-thumbnail","hentry"],"yoast_head":"<!-- This site is optimized with the Yoast SEO plugin v27.4 - https:\/\/yoast.com\/product\/yoast-seo-wordpress\/ -->\n<title>Prova gratis - ed.B4Experience<\/title>\n<meta name=\"description\" content=\"Prova 15 dies de subscripci\u00f3 gratu\u00efta a tota la plataforma. Des de 7,5\u20ac\/mes acc\u00e9s a tot el contingut. Descomptes en viatges i experi\u00e8ncies \u00faniques.\" \/>\n<meta name=\"robots\" content=\"index, follow, max-snippet:-1, max-image-preview:large, max-video-preview:-1\" \/>\n<link rel=\"canonical\" href=\"https:\/\/ed.b4experience.com\/ca\/prova-gratis\/\" \/>\n<meta property=\"og:locale\" content=\"ca_ES\" \/>\n<meta property=\"og:type\" content=\"article\" \/>\n<meta property=\"og:title\" content=\"Prova gratis - ed.B4Experience\" \/>\n<meta property=\"og:description\" content=\"Prova 15 dies de subscripci\u00f3 gratu\u00efta a tota la plataforma. Des de 7,5\u20ac\/mes acc\u00e9s a tot el contingut. Descomptes en viatges i experi\u00e8ncies \u00faniques.\" \/>\n<meta property=\"og:url\" content=\"https:\/\/ed.b4experience.com\/ca\/prova-gratis\/\" \/>\n<meta property=\"og:site_name\" content=\"ed.B4Experience\" \/>\n<meta property=\"article:publisher\" content=\"https:\/\/www.facebook.com\/OffTrailAcademy?locale=es_ES\" \/>\n<meta property=\"article:modified_time\" content=\"2024-10-01T14:37:32+00:00\" \/>\n<meta property=\"og:image\" content=\"https:\/\/ed.b4experience.com\/wp-content\/uploads\/2023\/03\/PlandePrecios.jpg\" \/>\n\t<meta property=\"og:image:width\" content=\"1350\" \/>\n\t<meta property=\"og:image:height\" content=\"760\" \/>\n\t<meta property=\"og:image:type\" content=\"image\/jpeg\" \/>\n<meta name=\"twitter:card\" content=\"summary_large_image\" \/>\n<meta name=\"twitter:label1\" content=\"Temps estimat de lectura\" \/>\n\t<meta name=\"twitter:data1\" content=\"2 minuts\" \/>\n<script type=\"application\/ld+json\" class=\"yoast-schema-graph\">{\"@context\":\"https:\\\/\\\/schema.org\",\"@graph\":[{\"@type\":\"WebPage\",\"@id\":\"https:\\\/\\\/ed.b4experience.com\\\/ca\\\/prova-gratis\\\/\",\"url\":\"https:\\\/\\\/ed.b4experience.com\\\/ca\\\/prova-gratis\\\/\",\"name\":\"Prova gratis - ed.B4Experience\",\"isPartOf\":{\"@id\":\"https:\\\/\\\/ed.b4experience.com\\\/ca\\\/#website\"},\"primaryImageOfPage\":{\"@id\":\"https:\\\/\\\/ed.b4experience.com\\\/ca\\\/prova-gratis\\\/#primaryimage\"},\"image\":{\"@id\":\"https:\\\/\\\/ed.b4experience.com\\\/ca\\\/prova-gratis\\\/#primaryimage\"},\"thumbnailUrl\":\"https:\\\/\\\/ed.b4experience.com\\\/wp-content\\\/uploads\\\/2023\\\/03\\\/PlandePrecios.jpg\",\"datePublished\":\"2023-02-08T19:33:53+00:00\",\"dateModified\":\"2024-10-01T14:37:32+00:00\",\"description\":\"Prova 15 dies de subscripci\u00f3 gratu\u00efta a tota la plataforma. Des de 7,5\u20ac\\\/mes acc\u00e9s a tot el contingut. Descomptes en viatges i experi\u00e8ncies \u00faniques.\",\"breadcrumb\":{\"@id\":\"https:\\\/\\\/ed.b4experience.com\\\/ca\\\/prova-gratis\\\/#breadcrumb\"},\"inLanguage\":\"ca\",\"potentialAction\":[{\"@type\":\"ReadAction\",\"target\":[\"https:\\\/\\\/ed.b4experience.com\\\/ca\\\/prova-gratis\\\/\"]}]},{\"@type\":\"ImageObject\",\"inLanguage\":\"ca\",\"@id\":\"https:\\\/\\\/ed.b4experience.com\\\/ca\\\/prova-gratis\\\/#primaryimage\",\"url\":\"https:\\\/\\\/ed.b4experience.com\\\/wp-content\\\/uploads\\\/2023\\\/03\\\/PlandePrecios.jpg\",\"contentUrl\":\"https:\\\/\\\/ed.b4experience.com\\\/wp-content\\\/uploads\\\/2023\\\/03\\\/PlandePrecios.jpg\",\"width\":1350,\"height\":760},{\"@type\":\"BreadcrumbList\",\"@id\":\"https:\\\/\\\/ed.b4experience.com\\\/ca\\\/prova-gratis\\\/#breadcrumb\",\"itemListElement\":[{\"@type\":\"ListItem\",\"position\":1,\"name\":\"Portada\",\"item\":\"https:\\\/\\\/ed.b4experience.com\\\/ca\\\/inici\\\/\"},{\"@type\":\"ListItem\",\"position\":2,\"name\":\"Prova gratis\"}]},{\"@type\":\"WebSite\",\"@id\":\"https:\\\/\\\/ed.b4experience.com\\\/ca\\\/#website\",\"url\":\"https:\\\/\\\/ed.b4experience.com\\\/ca\\\/\",\"name\":\"ed.B4Experience\",\"description\":\"B4Experience - Cursos, viajes y pel\u00edculas\",\"publisher\":{\"@id\":\"https:\\\/\\\/ed.b4experience.com\\\/ca\\\/#organization\"},\"potentialAction\":[{\"@type\":\"SearchAction\",\"target\":{\"@type\":\"EntryPoint\",\"urlTemplate\":\"https:\\\/\\\/ed.b4experience.com\\\/ca\\\/?s={search_term_string}\"},\"query-input\":{\"@type\":\"PropertyValueSpecification\",\"valueRequired\":true,\"valueName\":\"search_term_string\"}}],\"inLanguage\":\"ca\"},{\"@type\":\"Organization\",\"@id\":\"https:\\\/\\\/ed.b4experience.com\\\/ca\\\/#organization\",\"name\":\"ed.B4Experience\",\"url\":\"https:\\\/\\\/ed.b4experience.com\\\/ca\\\/\",\"logo\":{\"@type\":\"ImageObject\",\"inLanguage\":\"ca\",\"@id\":\"https:\\\/\\\/ed.b4experience.com\\\/ca\\\/#\\\/schema\\\/logo\\\/image\\\/\",\"url\":\"https:\\\/\\\/ed.b4experience.com\\\/wp-content\\\/uploads\\\/2023\\\/01\\\/b4experience_peu.jpg\",\"contentUrl\":\"https:\\\/\\\/ed.b4experience.com\\\/wp-content\\\/uploads\\\/2023\\\/01\\\/b4experience_peu.jpg\",\"width\":209,\"height\":126,\"caption\":\"ed.B4Experience\"},\"image\":{\"@id\":\"https:\\\/\\\/ed.b4experience.com\\\/ca\\\/#\\\/schema\\\/logo\\\/image\\\/\"},\"sameAs\":[\"https:\\\/\\\/www.facebook.com\\\/OffTrailAcademy?locale=es_ES\",\"https:\\\/\\\/www.youtube.com\\\/channel\\\/UCIVwNs3pSj0P6QPnuuYxthA\",\"https:\\\/\\\/www.instagram.com\\\/offtrailacademy\\\/\"]}]}<\/script>\n<!-- \/ Yoast SEO plugin. -->","yoast_head_json":{"title":"Prova gratis - ed.B4Experience","description":"Prova 15 dies de subscripci\u00f3 gratu\u00efta a tota la plataforma. Des de 7,5\u20ac\/mes acc\u00e9s a tot el contingut. Descomptes en viatges i experi\u00e8ncies \u00faniques.","robots":{"index":"index","follow":"follow","max-snippet":"max-snippet:-1","max-image-preview":"max-image-preview:large","max-video-preview":"max-video-preview:-1"},"canonical":"https:\/\/ed.b4experience.com\/ca\/prova-gratis\/","og_locale":"ca_ES","og_type":"article","og_title":"Prova gratis - ed.B4Experience","og_description":"Prova 15 dies de subscripci\u00f3 gratu\u00efta a tota la plataforma. Des de 7,5\u20ac\/mes acc\u00e9s a tot el contingut. Descomptes en viatges i experi\u00e8ncies \u00faniques.","og_url":"https:\/\/ed.b4experience.com\/ca\/prova-gratis\/","og_site_name":"ed.B4Experience","article_publisher":"https:\/\/www.facebook.com\/OffTrailAcademy?locale=es_ES","article_modified_time":"2024-10-01T14:37:32+00:00","og_image":[{"width":1350,"height":760,"url":"https:\/\/ed.b4experience.com\/wp-content\/uploads\/2023\/03\/PlandePrecios.jpg","type":"image\/jpeg"}],"twitter_card":"summary_large_image","twitter_misc":{"Temps estimat de lectura":"2 minuts"},"schema":{"@context":"https:\/\/schema.org","@graph":[{"@type":"WebPage","@id":"https:\/\/ed.b4experience.com\/ca\/prova-gratis\/","url":"https:\/\/ed.b4experience.com\/ca\/prova-gratis\/","name":"Prova gratis - ed.B4Experience","isPartOf":{"@id":"https:\/\/ed.b4experience.com\/ca\/#website"},"primaryImageOfPage":{"@id":"https:\/\/ed.b4experience.com\/ca\/prova-gratis\/#primaryimage"},"image":{"@id":"https:\/\/ed.b4experience.com\/ca\/prova-gratis\/#primaryimage"},"thumbnailUrl":"https:\/\/ed.b4experience.com\/wp-content\/uploads\/2023\/03\/PlandePrecios.jpg","datePublished":"2023-02-08T19:33:53+00:00","dateModified":"2024-10-01T14:37:32+00:00","description":"Prova 15 dies de subscripci\u00f3 gratu\u00efta a tota la plataforma. Des de 7,5\u20ac\/mes acc\u00e9s a tot el contingut. Descomptes en viatges i experi\u00e8ncies \u00faniques.","breadcrumb":{"@id":"https:\/\/ed.b4experience.com\/ca\/prova-gratis\/#breadcrumb"},"inLanguage":"ca","potentialAction":[{"@type":"ReadAction","target":["https:\/\/ed.b4experience.com\/ca\/prova-gratis\/"]}]},{"@type":"ImageObject","inLanguage":"ca","@id":"https:\/\/ed.b4experience.com\/ca\/prova-gratis\/#primaryimage","url":"https:\/\/ed.b4experience.com\/wp-content\/uploads\/2023\/03\/PlandePrecios.jpg","contentUrl":"https:\/\/ed.b4experience.com\/wp-content\/uploads\/2023\/03\/PlandePrecios.jpg","width":1350,"height":760},{"@type":"BreadcrumbList","@id":"https:\/\/ed.b4experience.com\/ca\/prova-gratis\/#breadcrumb","itemListElement":[{"@type":"ListItem","position":1,"name":"Portada","item":"https:\/\/ed.b4experience.com\/ca\/inici\/"},{"@type":"ListItem","position":2,"name":"Prova gratis"}]},{"@type":"WebSite","@id":"https:\/\/ed.b4experience.com\/ca\/#website","url":"https:\/\/ed.b4experience.com\/ca\/","name":"ed.B4Experience","description":"B4Experience - Cursos, viajes y pel\u00edculas","publisher":{"@id":"https:\/\/ed.b4experience.com\/ca\/#organization"},"potentialAction":[{"@type":"SearchAction","target":{"@type":"EntryPoint","urlTemplate":"https:\/\/ed.b4experience.com\/ca\/?s={search_term_string}"},"query-input":{"@type":"PropertyValueSpecification","valueRequired":true,"valueName":"search_term_string"}}],"inLanguage":"ca"},{"@type":"Organization","@id":"https:\/\/ed.b4experience.com\/ca\/#organization","name":"ed.B4Experience","url":"https:\/\/ed.b4experience.com\/ca\/","logo":{"@type":"ImageObject","inLanguage":"ca","@id":"https:\/\/ed.b4experience.com\/ca\/#\/schema\/logo\/image\/","url":"https:\/\/ed.b4experience.com\/wp-content\/uploads\/2023\/01\/b4experience_peu.jpg","contentUrl":"https:\/\/ed.b4experience.com\/wp-content\/uploads\/2023\/01\/b4experience_peu.jpg","width":209,"height":126,"caption":"ed.B4Experience"},"image":{"@id":"https:\/\/ed.b4experience.com\/ca\/#\/schema\/logo\/image\/"},"sameAs":["https:\/\/www.facebook.com\/OffTrailAcademy?locale=es_ES","https:\/\/www.youtube.com\/channel\/UCIVwNs3pSj0P6QPnuuYxthA","https:\/\/www.instagram.com\/offtrailacademy\/"]}]}},"_links":{"self":[{"href":"https:\/\/ed.b4experience.com\/ca\/wp-json\/wp\/v2\/pages\/21569","targetHints":{"allow":["GET"]}}],"collection":[{"href":"https:\/\/ed.b4experience.com\/ca\/wp-json\/wp\/v2\/pages"}],"about":[{"href":"https:\/\/ed.b4experience.com\/ca\/wp-json\/wp\/v2\/types\/page"}],"author":[{"embeddable":true,"href":"https:\/\/ed.b4experience.com\/ca\/wp-json\/wp\/v2\/users\/1"}],"replies":[{"embeddable":true,"href":"https:\/\/ed.b4experience.com\/ca\/wp-json\/wp\/v2\/comments?post=21569"}],"version-history":[{"count":4,"href":"https:\/\/ed.b4experience.com\/ca\/wp-json\/wp\/v2\/pages\/21569\/revisions"}],"predecessor-version":[{"id":33578,"href":"https:\/\/ed.b4experience.com\/ca\/wp-json\/wp\/v2\/pages\/21569\/revisions\/33578"}],"wp:featuredmedia":[{"embeddable":true,"href":"https:\/\/ed.b4experience.com\/ca\/wp-json\/wp\/v2\/media\/15504"}],"wp:attachment":[{"href":"https:\/\/ed.b4experience.com\/ca\/wp-json\/wp\/v2\/media?parent=21569"}],"curies":[{"name":"wp","href":"https:\/\/api.w.org\/{rel}","templated":true}]}}